{"id":205,"date":"2022-07-12T09:56:50","date_gmt":"2022-07-12T07:56:50","guid":{"rendered":"https:\/\/www.letsgocity.be\/?page_id=205"},"modified":"2022-08-29T16:53:16","modified_gmt":"2022-08-29T14:53:16","slug":"gestion-des-cookies","status":"publish","type":"page","link":"https:\/\/www.letsgocity.be\/en\/gestion-des-cookies\/","title":{"rendered":"Gestion des cookies &#8211; Letsgocity"},"content":{"rendered":"<p><strong>POURQUOI UTILISONS-NOUS DES COOKIES?<\/strong><br \/>\nLETSGOCITY utilise sur son site internet <a href=\"https:\/\/www.letsgocity.be\/en\/\">https:\/\/www.letsgocity.be\/<\/a> des cookies \u00e0 finalit\u00e9s analytiques.<\/p>\n<p><strong>LETSGOCITY utilise :<\/strong><\/p>\n<p>Google Analytics pour des finalit\u00e9s analytiques. Cet outil d\u2019analyse installe des cookies que nous utilisons pour quantifier les visites (le trafic) sur le site Internet.<\/p>\n<p>Cela nous permet notamment de savoir combien de fois une page d\u00e9termin\u00e9e a \u00e9t\u00e9 lue. Nous utilisons ces informations uniquement pour am\u00e9liorer le contenu de notre site Internet ou comme base pour une nouvelle campagne sur un certain sujet suscitant beaucoup d\u2019int\u00e9r\u00eat.<\/p>\n<p>L\u2019utilisation de ces cookies tierce partie est soumise \u00e0 votre consentement pr\u00e9alable. Vous pouvez donc refuser que ces cookies soient install\u00e9s sur votre appareil. L\u00b4acc\u00e8s \u00e0 notre site ne vous sera pas, pour autant, refus\u00e9.<\/p>\n<p><a href=\"https:\/\/www.letsgocity.be\/wp-content\/uploads\/2022\/07\/Politique-cookies-Letsgocity-04.07.pdf\">Consultez la politique de gestion des cookies compl\u00e8te<\/a>.<\/p>","protected":false},"excerpt":{"rendered":"<p>POURQUOI UTILISONS-NOUS DES COOKIES? LETSGOCITY utilise sur son site internet https:\/\/www.letsgocity.be\/ des cookies \u00e0 finalit\u00e9s analytiques. LETSGOCITY utilise : Google Analytics pour des finalit\u00e9s analytiques. Cet outil d\u2019analyse installe des cookies que nous utilisons pour quantifier les visites (le trafic) sur le site Internet. Cela nous permet notamment de savoir combien de fois une page [&hellip;]<\/p>","protected":false},"author":1,"featured_media":0,"parent":0,"menu_order":0,"comment_status":"closed","ping_status":"closed","template":"cookies.php","meta":{"footnotes":""},"class_list":["post-205","page","type-page","status-publish","hentry"],"_links":{"self":[{"href":"https:\/\/www.letsgocity.be\/en\/wp-json\/wp\/v2\/pages\/205","targetHints":{"allow":["GET"]}}],"collection":[{"href":"https:\/\/www.letsgocity.be\/en\/wp-json\/wp\/v2\/pages"}],"about":[{"href":"https:\/\/www.letsgocity.be\/en\/wp-json\/wp\/v2\/types\/page"}],"author":[{"embeddable":true,"href":"https:\/\/www.letsgocity.be\/en\/wp-json\/wp\/v2\/users\/1"}],"replies":[{"embeddable":true,"href":"https:\/\/www.letsgocity.be\/en\/wp-json\/wp\/v2\/comments?post=205"}],"version-history":[{"count":4,"href":"https:\/\/www.letsgocity.be\/en\/wp-json\/wp\/v2\/pages\/205\/revisions"}],"predecessor-version":[{"id":230,"href":"https:\/\/www.letsgocity.be\/en\/wp-json\/wp\/v2\/pages\/205\/revisions\/230"}],"wp:attachment":[{"href":"https:\/\/www.letsgocity.be\/en\/wp-json\/wp\/v2\/media?parent=205"}],"curies":[{"name":"wp","href":"https:\/\/api.w.org\/{rel}","templated":true}]}}